{"id":40,"date":"2024-02-29T23:19:42","date_gmt":"2024-02-29T23:19:42","guid":{"rendered":"https:\/\/lucreativos.com\/?page_id=40"},"modified":"2024-04-12T23:43:54","modified_gmt":"2024-04-12T23:43:54","slug":"servicios","status":"publish","type":"page","link":"https:\/\/lucreativos.com\/?page_id=40","title":{"rendered":"Servicios"},"content":{"rendered":"<div data-colibri-id=\"40-c1\" class=\"style-406 style-local-40-c1 position-relative\">\n  <!---->\n  <div data-colibri-component=\"section\" data-colibri-id=\"40-c2\" id=\"overlappable\" class=\"h-section h-section-global-spacing d-flex align-items-lg-center align-items-md-center align-items-center style-482 style-local-40-c2 position-relative\">\n    <!---->\n    <!---->\n    <div class=\"h-section-grid-container h-section-boxed-container\">\n      <!---->\n      <div data-colibri-id=\"40-c3\" class=\"h-row-container gutters-row-lg-2 gutters-row-md-2 gutters-row-0 gutters-row-v-lg-2 gutters-row-v-md-2 gutters-row-v-2 style-498 style-local-40-c3 position-relative\">\n        <!---->\n        <div class=\"h-row justify-content-lg-center justify-content-md-center justify-content-center align-items-lg-stretch align-items-md-stretch align-items-stretch gutters-col-lg-2 gutters-col-md-2 gutters-col-0 gutters-col-v-lg-2 gutters-col-v-md-2 gutters-col-v-2\">\n          <!---->\n          <div class=\"h-column h-column-container d-flex h-col-lg-auto h-col-md-auto h-col-auto style-499-outer style-local-40-c4-outer\">\n            <div data-colibri-id=\"40-c4\" class=\"d-flex h-flex-basis h-column__inner h-px-lg-2 h-px-md-2 h-px-2 v-inner-lg-2 v-inner-md-2 v-inner-2 style-499 style-local-40-c4 position-relative\">\n              <!---->\n              <!---->\n              <div class=\"w-100 h-y-container h-column__content h-column__v-align flex-basis-100 align-self-lg-start align-self-md-start align-self-start\">\n                <!---->\n                <div data-colibri-id=\"40-c5\" class=\"h-text h-text-component style-501 style-local-40-c5 position-relative h-element\">\n                  <!---->\n                  <!---->\n                  <div class=\"\">\n                    <p>Contamos con un grupo de profesionales, con una amplia experiencia en cada una de las diferentes \u00e1reas que trabajamos. Dise\u00f1o Grafico, Dise\u00f1o Web, Impresion Offset y Digital, Audio Visual y Promocionales.<\/p>\n                  <\/div>\n                <\/div>\n              <\/div>\n            <\/div>\n          <\/div>\n        <\/div>\n      <\/div>\n    <\/div>\n  <\/div>\n  <div data-colibri-component=\"section\" data-colibri-id=\"40-c6\" id=\"custom\" class=\"h-section h-section-global-spacing d-flex align-items-lg-center align-items-md-center align-items-center style-502 style-local-40-c6 position-relative\">\n    <!---->\n    <!---->\n    <div class=\"h-section-grid-container h-section-boxed-container\">\n      <!---->\n      <div data-colibri-id=\"40-c7\" class=\"h-row-container gutters-row-lg-2 gutters-row-md-2 gutters-row-0 gutters-row-v-lg-2 gutters-row-v-md-2 gutters-row-v-2 style-503 style-local-40-c7 position-relative\">\n        <!---->\n        <div class=\"h-row justify-content-lg-center justify-content-md-center justify-content-center align-items-lg-stretch align-items-md-stretch align-items-stretch gutters-col-lg-2 gutters-col-md-2 gutters-col-0 gutters-col-v-lg-2 gutters-col-v-md-2 gutters-col-v-2\">\n          <!---->\n          <div class=\"h-column h-column-container d-flex h-col-lg-auto h-col-md-auto h-col-auto style-504-outer style-local-40-c8-outer\">\n            <div data-colibri-id=\"40-c8\" class=\"d-flex h-flex-basis h-column__inner h-px-lg-2 h-px-md-2 h-px-2 v-inner-lg-2 v-inner-md-2 v-inner-2 style-504 style-local-40-c8 position-relative\">\n              <!---->\n              <!---->\n              <div class=\"w-100 h-y-container h-column__content h-column__v-align flex-basis-100 align-self-lg-start align-self-md-start align-self-start\">\n                <!---->\n                <div data-colibri-id=\"40-c9\" class=\"d-block style-529 style-local-40-c9 position-relative h-element\">\n                  <!---->\n                  <div class=\"h-image__frame-container-outer\">\n                    <div class=\"h-image__frame-container\">\n                      <!---->\n                      <!---->\n                      <img loading=\"lazy\" decoding=\"async\" width=\"354\" height=\"354\" src=\"https:\/\/lucreativos.com\/wp-content\/uploads\/2024\/04\/Diseno-Grafico.png\" class=\"wp-image-515 style-529-image style-local-40-c9-image\" alt=\"\" srcset=\"https:\/\/lucreativos.com\/wp-content\/uploads\/2024\/04\/Diseno-Grafico.png 354w, https:\/\/lucreativos.com\/wp-content\/uploads\/2024\/04\/Diseno-Grafico-300x300.png 300w, https:\/\/lucreativos.com\/wp-content\/uploads\/2024\/04\/Diseno-Grafico-150x150.png 150w\" sizes=\"auto, (max-width: 354px) 100vw, 354px\" \/>\n                      <div class=\"h-image__frame h-hide-lg h-hide-md h-hide-sm style-529-frameImage style-local-40-c9-frameImage\"><\/div>\n                    <\/div>\n                  <\/div>\n                <\/div>\n                <div data-colibri-id=\"40-c10\" class=\"h-global-transition-all h-heading style-511 style-local-40-c10 position-relative h-element\">\n                  <!---->\n                  <div class=\"h-heading__outer style-511 style-local-40-c10\">\n                    <!---->\n                    <!---->\n                    <h5 class=\"\">DISE\u00d1O GRAFICO<\/h5>\n                  <\/div>\n                <\/div>\n                <div data-colibri-id=\"40-c11\" class=\"h-text h-text-component style-512 style-local-40-c11 position-relative h-element\">\n                  <!---->\n                  <!---->\n                  <div class=\"\">\n                    <p><span style=\"font-weight: 400; font-size: 16px; font-family: &quot;Open Sans&quot;; color: rgb(70, 112, 127);\">Dise\u00f1o de Marca, Identidad Corporativa, Branding, Dise\u00f1o de Catalogo y Retoque Digital.<\/span><\/p>\n                  <\/div>\n                <\/div>\n              <\/div>\n            <\/div>\n          <\/div>\n          <div class=\"h-column h-column-container d-flex h-col-lg-auto h-col-md-auto h-col-auto style-505-outer style-local-40-c12-outer\">\n            <div data-colibri-id=\"40-c12\" class=\"d-flex h-flex-basis h-column__inner h-px-lg-2 h-px-md-2 h-px-2 v-inner-lg-2 v-inner-md-2 v-inner-2 style-505 style-local-40-c12 position-relative\">\n              <!---->\n              <!---->\n              <div class=\"w-100 h-y-container h-column__content h-column__v-align flex-basis-100 align-self-lg-start align-self-md-start align-self-start\">\n                <!---->\n                <div data-colibri-id=\"40-c13\" class=\"d-block style-530 style-local-40-c13 position-relative h-element\">\n                  <!---->\n                  <div class=\"h-image__frame-container-outer\">\n                    <div class=\"h-image__frame-container\">\n                      <!---->\n                      <!---->\n                      <img loading=\"lazy\" decoding=\"async\" width=\"354\" height=\"354\" src=\"https:\/\/lucreativos.com\/wp-content\/uploads\/2024\/04\/Diseno-Web.png\" class=\"wp-image-516 style-530-image style-local-40-c13-image\" alt=\"\" srcset=\"https:\/\/lucreativos.com\/wp-content\/uploads\/2024\/04\/Diseno-Web.png 354w, https:\/\/lucreativos.com\/wp-content\/uploads\/2024\/04\/Diseno-Web-300x300.png 300w, https:\/\/lucreativos.com\/wp-content\/uploads\/2024\/04\/Diseno-Web-150x150.png 150w\" sizes=\"auto, (max-width: 354px) 100vw, 354px\" \/>\n                      <div class=\"h-image__frame h-hide-lg h-hide-md h-hide-sm style-530-frameImage style-local-40-c13-frameImage\"><\/div>\n                    <\/div>\n                  <\/div>\n                <\/div>\n                <div data-colibri-id=\"40-c14\" class=\"h-global-transition-all h-heading style-515 style-local-40-c14 position-relative h-element\">\n                  <!---->\n                  <div class=\"h-heading__outer style-515 style-local-40-c14\">\n                    <!---->\n                    <!---->\n                    <h5 class=\"\">DISE\u00d1O WEB<\/h5>\n                  <\/div>\n                <\/div>\n                <div data-colibri-id=\"40-c15\" class=\"h-text h-text-component style-516 style-local-40-c15 position-relative h-element\">\n                  <!---->\n                  <!---->\n                  <div class=\"\">\n                    <p><span style=\"font-weight: 400; font-size: 16px; font-family: &quot;Open Sans&quot;; color: rgb(70, 112, 127);\">Realizaci\u00f3n de paginas Web, Tiendas en Linea, Hospedaje, Dominio, Landing Page, Posicionamiento&nbsp;en buscadores y Realidad Aumentada.<\/span><\/p>\n                  <\/div>\n                <\/div>\n              <\/div>\n            <\/div>\n          <\/div>\n          <div class=\"h-column h-column-container d-flex h-col-lg-auto h-col-md-auto h-col-auto style-506-outer style-local-40-c16-outer\">\n            <div data-colibri-id=\"40-c16\" class=\"d-flex h-flex-basis h-column__inner h-px-lg-2 h-px-md-2 h-px-2 v-inner-lg-2 v-inner-md-2 v-inner-2 style-506 style-local-40-c16 position-relative\">\n              <!---->\n              <!---->\n              <div class=\"w-100 h-y-container h-column__content h-column__v-align flex-basis-100 align-self-lg-start align-self-md-start align-self-start\">\n                <!---->\n                <div data-colibri-id=\"40-c17\" class=\"d-block style-531 style-local-40-c17 position-relative h-element\">\n                  <!---->\n                  <div class=\"h-image__frame-container-outer\">\n                    <div class=\"h-image__frame-container\">\n                      <!---->\n                      <!---->\n                      <img loading=\"lazy\" decoding=\"async\" width=\"354\" height=\"354\" src=\"https:\/\/lucreativos.com\/wp-content\/uploads\/2024\/04\/Impresion.png\" class=\"wp-image-524 style-531-image style-local-40-c17-image\" alt=\"\" srcset=\"https:\/\/lucreativos.com\/wp-content\/uploads\/2024\/04\/Impresion.png 354w, https:\/\/lucreativos.com\/wp-content\/uploads\/2024\/04\/Impresion-300x300.png 300w, https:\/\/lucreativos.com\/wp-content\/uploads\/2024\/04\/Impresion-150x150.png 150w\" sizes=\"auto, (max-width: 354px) 100vw, 354px\" \/>\n                      <div class=\"h-image__frame h-hide-lg h-hide-md h-hide-sm style-531-frameImage style-local-40-c17-frameImage\"><\/div>\n                    <\/div>\n                  <\/div>\n                <\/div>\n                <div data-colibri-id=\"40-c18\" class=\"h-global-transition-all h-heading style-519 style-local-40-c18 position-relative h-element\">\n                  <!---->\n                  <div class=\"h-heading__outer style-519 style-local-40-c18\">\n                    <!---->\n                    <!---->\n                    <h5 class=\"\">IMPRSI\u00d3N OFFSET IMPRESI\u00d3N DIGITAL<\/h5>\n                  <\/div>\n                <\/div>\n                <div data-colibri-id=\"40-c19\" class=\"h-text h-text-component style-520 style-local-40-c19 position-relative h-element\">\n                  <!---->\n                  <!---->\n                  <div class=\"\">\n                    <p>Contamos con la maquinaria necesaria para trabajar tus proyectos desde, Flyers, Carteles, Poster, Agendas, Postales, Revistas y Formatos Internos.<\/p>\n                    <p>En Impresi\u00f3n Digital, Lonas Publicitarias, Calcoman\u00edas, men\u00fas, etc&#8230;..<\/p>\n                    <p>\n                      <br>\n                    <\/p>\n                  <\/div>\n                <\/div>\n              <\/div>\n            <\/div>\n          <\/div>\n          <div class=\"h-column h-column-container d-flex h-col-lg-auto h-col-md-auto h-col-auto style-507-outer style-local-40-c20-outer\">\n            <div data-colibri-id=\"40-c20\" class=\"d-flex h-flex-basis h-column__inner h-px-lg-2 h-px-md-2 h-px-2 v-inner-lg-2 v-inner-md-2 v-inner-2 style-507 style-local-40-c20 position-relative\">\n              <!---->\n              <!---->\n              <div class=\"w-100 h-y-container h-column__content h-column__v-align flex-basis-100 align-self-lg-start align-self-md-start align-self-start\">\n                <!---->\n                <div data-colibri-id=\"40-c21\" class=\"d-block style-532 style-local-40-c21 position-relative h-element\">\n                  <!---->\n                  <div class=\"h-image__frame-container-outer\">\n                    <div class=\"h-image__frame-container\">\n                      <!---->\n                      <!---->\n                      <img loading=\"lazy\" decoding=\"async\" width=\"354\" height=\"354\" src=\"https:\/\/lucreativos.com\/wp-content\/uploads\/2024\/04\/AudioVisual.png\" class=\"wp-image-514 style-532-image style-local-40-c21-image\" alt=\"\" srcset=\"https:\/\/lucreativos.com\/wp-content\/uploads\/2024\/04\/AudioVisual.png 354w, https:\/\/lucreativos.com\/wp-content\/uploads\/2024\/04\/AudioVisual-300x300.png 300w, https:\/\/lucreativos.com\/wp-content\/uploads\/2024\/04\/AudioVisual-150x150.png 150w\" sizes=\"auto, (max-width: 354px) 100vw, 354px\" \/>\n                      <div class=\"h-image__frame h-hide-lg h-hide-md h-hide-sm style-532-frameImage style-local-40-c21-frameImage\"><\/div>\n                    <\/div>\n                  <\/div>\n                <\/div>\n                <div data-colibri-id=\"40-c22\" class=\"h-global-transition-all h-heading style-523 style-local-40-c22 position-relative h-element\">\n                  <!---->\n                  <div class=\"h-heading__outer style-523 style-local-40-c22\">\n                    <!---->\n                    <!---->\n                    <h5 class=\"\">AUDIO VISUAL<\/h5>\n                  <\/div>\n                <\/div>\n                <div data-colibri-id=\"40-c23\" class=\"h-text h-text-component style-524 style-local-40-c23 position-relative h-element\">\n                  <!---->\n                  <!---->\n                  <div class=\"\">\n                    <p><span style=\"font-weight: 400; font-size: 16px; font-family: &quot;Open Sans&quot;; color: rgb(70, 112, 127);\">Nos enfocamos en la Realizaci\u00f3n de Videos Corporativos, Publicitarios, Video Marketing y Presentaciones Digitales.<\/span><\/p>\n                  <\/div>\n                <\/div>\n              <\/div>\n            <\/div>\n          <\/div>\n          <div class=\"h-column h-column-container d-flex h-col-lg-auto h-col-md-auto h-col-auto style-508-outer style-local-40-c24-outer\">\n            <div data-colibri-id=\"40-c24\" class=\"d-flex h-flex-basis h-column__inner h-px-lg-2 h-px-md-2 h-px-2 v-inner-lg-2 v-inner-md-2 v-inner-2 style-508 style-local-40-c24 position-relative\">\n              <!---->\n              <!---->\n              <div class=\"w-100 h-y-container h-column__content h-column__v-align flex-basis-100 align-self-lg-start align-self-md-start align-self-start\">\n                <!---->\n                <div data-colibri-id=\"40-c25\" class=\"d-block style-533 style-local-40-c25 position-relative h-element\">\n                  <!---->\n                  <div class=\"h-image__frame-container-outer\">\n                    <div class=\"h-image__frame-container\">\n                      <!---->\n                      <!---->\n                      <img loading=\"lazy\" decoding=\"async\" width=\"354\" height=\"354\" src=\"https:\/\/lucreativos.com\/wp-content\/uploads\/2024\/04\/Promo.png\" class=\"wp-image-517 style-533-image style-local-40-c25-image\" alt=\"\" srcset=\"https:\/\/lucreativos.com\/wp-content\/uploads\/2024\/04\/Promo.png 354w, https:\/\/lucreativos.com\/wp-content\/uploads\/2024\/04\/Promo-300x300.png 300w, https:\/\/lucreativos.com\/wp-content\/uploads\/2024\/04\/Promo-150x150.png 150w\" sizes=\"auto, (max-width: 354px) 100vw, 354px\" \/>\n                      <div class=\"h-image__frame h-hide-lg h-hide-md h-hide-sm style-533-frameImage style-local-40-c25-frameImage\"><\/div>\n                    <\/div>\n                  <\/div>\n                <\/div>\n                <div data-colibri-id=\"40-c26\" class=\"h-global-transition-all h-heading style-527 style-local-40-c26 position-relative h-element\">\n                  <!---->\n                  <div class=\"h-heading__outer style-527 style-local-40-c26\">\n                    <!---->\n                    <!---->\n                    <h5 class=\"\">PROMOCIONALES<\/h5>\n                  <\/div>\n                <\/div>\n                <div data-colibri-id=\"40-c27\" class=\"h-text h-text-component style-528 style-local-40-c27 position-relative h-element\">\n                  <!---->\n                  <!---->\n                  <div class=\"\">\n                    <p><span style=\"font-weight: 400; font-size: 16px; font-family: &quot;Open Sans&quot;; color: rgb(70, 112, 127);\">Contamos con Articulos Promocionales, como Plumas, Vasos, Bolsas, Calendarios, Llaveros, Reconocimientos, Tazas, USB, etc&#8230;<\/span><\/p>\n                  <\/div>\n                <\/div>\n              <\/div>\n            <\/div>\n          <\/div>\n        <\/div>\n      <\/div>\n    <\/div>\n  <\/div>\n  <div data-colibri-component=\"section\" data-colibri-id=\"40-c28\" id=\"cta\" class=\"h-section h-section-global-spacing d-flex align-items-lg-center align-items-md-center align-items-center style-534 style-local-40-c28 position-relative\">\n    <!---->\n    <!---->\n    <div class=\"h-section-grid-container h-section-boxed-container\">\n      <!---->\n      <div data-colibri-id=\"40-c29\" class=\"h-row-container gutters-row-lg-2 gutters-row-md-2 gutters-row-0 gutters-row-v-lg-2 gutters-row-v-md-2 gutters-row-v-2 style-535 style-local-40-c29 position-relative\">\n        <!---->\n        <div class=\"h-row justify-content-lg-center justify-content-md-center justify-content-center align-items-lg-stretch align-items-md-stretch align-items-stretch gutters-col-lg-2 gutters-col-md-2 gutters-col-0 gutters-col-v-lg-2 gutters-col-v-md-2 gutters-col-v-2\">\n          <!---->\n          <div class=\"h-column h-column-container d-flex h-col-lg-auto h-col-md-auto h-col-auto style-536-outer style-local-40-c30-outer\">\n            <div data-colibri-id=\"40-c30\" class=\"d-flex h-flex-basis h-column__inner h-px-lg-0 h-px-md-0 h-px-2 v-inner-lg-0 v-inner-md-0 v-inner-2 style-536 style-local-40-c30 position-relative\">\n              <!---->\n              <!---->\n              <div class=\"w-100 h-y-container h-column__content h-column__v-align flex-basis-100 align-self-lg-center align-self-md-center align-self-center\">\n                <!---->\n                <div data-colibri-id=\"40-c31\" class=\"h-global-transition-all h-heading style-537 style-local-40-c31 position-relative h-element\">\n                  <!---->\n                  <div class=\"h-heading__outer style-537 style-local-40-c31\">\n                    <!---->\n                    <!---->\n                    <h4 class=\"\">Cotiza el servicio que necesites<\/h4>\n                  <\/div>\n                <\/div>\n              <\/div>\n            <\/div>\n          <\/div>\n          <div class=\"h-column h-column-container d-flex h-col-lg-auto h-col-md-auto h-col-auto style-538-outer style-local-40-c32-outer\">\n            <div data-colibri-id=\"40-c32\" class=\"d-flex h-flex-basis h-column__inner h-px-lg-0 h-px-md-0 h-px-2 v-inner-lg-0 v-inner-md-0 v-inner-2 style-538 style-local-40-c32 position-relative\">\n              <!---->\n              <!---->\n              <div class=\"w-100 h-y-container h-column__content h-column__v-align flex-basis-100 align-self-lg-center align-self-md-center align-self-center\">\n                <!---->\n                <div data-colibri-id=\"40-c33\" class=\"h-x-container style-539 style-local-40-c33 position-relative h-element\">\n                  <!---->\n                  <div class=\"h-x-container-inner style-dynamic-40-c33-group style-539-spacing style-local-40-c33-spacing\"><span class=\"h-button__outer style-540-outer style-local-40-c34-outer d-inline-flex h-element\"><a h-use-smooth-scroll=\"true\" href=\"https:\/\/web.whatsapp.com\"  data-colibri-id=\"40-c34\" class=\"d-flex w-100 align-items-center h-button justify-content-lg-center justify-content-md-center justify-content-center style-540 style-local-40-c34 position-relative\"><!----><!----> <span>Cilck<\/span><\/a>\n                    <\/span>\n                  <\/div>\n                <\/div>\n              <\/div>\n            <\/div>\n          <\/div>\n        <\/div>\n      <\/div>\n    <\/div>\n  <\/div>\n<\/div>","protected":false},"excerpt":{"rendered":"<p>Contamos con un grupo de profesionales, con una amplia experiencia en cada una de las diferentes \u00e1reas que trabajamos. Dise\u00f1o Grafico, Dise\u00f1o Web, Impresion Offset y Digital, Audio Visual y Promocionales. DISE\u00d1O GRAFICO Dise\u00f1o de Marca, Identidad Corporativa, Branding, Dise\u00f1o de Catalogo y Retoque Digital. DISE\u00d1O WEB Realizaci\u00f3n de paginas Web, Tiendas en Linea, Hospedaje, [&hellip;]<\/p>\n","protected":false},"author":1,"featured_media":0,"parent":0,"menu_order":3,"comment_status":"closed","ping_status":"closed","template":"page-templates\/full-width-page.php","meta":{"footnotes":""},"class_list":["post-40","page","type-page","status-publish","hentry"],"_links":{"self":[{"href":"https:\/\/lucreativos.com\/index.php?rest_route=\/wp\/v2\/pages\/40","targetHints":{"allow":["GET"]}}],"collection":[{"href":"https:\/\/lucreativos.com\/index.php?rest_route=\/wp\/v2\/pages"}],"about":[{"href":"https:\/\/lucreativos.com\/index.php?rest_route=\/wp\/v2\/types\/page"}],"author":[{"embeddable":true,"href":"https:\/\/lucreativos.com\/index.php?rest_route=\/wp\/v2\/users\/1"}],"replies":[{"embeddable":true,"href":"https:\/\/lucreativos.com\/index.php?rest_route=%2Fwp%2Fv2%2Fcomments&post=40"}],"version-history":[{"count":20,"href":"https:\/\/lucreativos.com\/index.php?rest_route=\/wp\/v2\/pages\/40\/revisions"}],"predecessor-version":[{"id":912,"href":"https:\/\/lucreativos.com\/index.php?rest_route=\/wp\/v2\/pages\/40\/revisions\/912"}],"wp:attachment":[{"href":"https:\/\/lucreativos.com\/index.php?rest_route=%2Fwp%2Fv2%2Fmedia&parent=40"}],"curies":[{"name":"wp","href":"https:\/\/api.w.org\/{rel}","templated":true}]}}